{"id":2607,"date":"2024-11-19T07:02:37","date_gmt":"2024-11-19T07:02:37","guid":{"rendered":"https:\/\/nextgensmes.eu\/?page_id=2607"},"modified":"2025-01-22T08:02:02","modified_gmt":"2025-01-22T08:02:02","slug":"politique-de-confidentialite","status":"publish","type":"page","link":"https:\/\/nextgensmes.eu\/fr\/politique-de-confidentialite\/","title":{"rendered":"Politique de confidentialit\u00e9"},"content":{"rendered":"\n<h2 class=\"wp-block-heading\">Champ d\u2019application<\/h2>\n\n\n\n<p>Cette explication de notre politique de confidentialit\u00e9 couvre la nature, l\u2019\u00e9tendue et l\u2019objectif de la collecte et de l\u2019utilisation des donn\u00e9es personnelles sur le site web : <a href=\"https:\/\/nextgensmes.eu\/fr\/\">www.nextgensmes.eu<\/a> (ci-apr\u00e8s d\u00e9nomm\u00e9 \u00ab site web \u00bb). Ce site est d\u00e9di\u00e9 au projet \u00ab NextGenSMEs \u00bb, dont l\u2019objectif est de fournir aux propri\u00e9taires actuels et futurs de petites et moyennes entreprises (PME) familiales les connaissances et outils n\u00e9cessaires pour garantir la transmission \u00e0 la troisi\u00e8me g\u00e9n\u00e9ration et au-del\u00e0, tout en assurant la durabilit\u00e9 et la prosp\u00e9rit\u00e9 de l\u2019entreprise. Le num\u00e9ro du projet est : [en attente], financ\u00e9 avec le soutien de la Commission europ\u00e9enne dans le cadre du programme [en attente] de l\u2019Union europ\u00e9enne.<\/p>\n\n\n\n<p>L&rsquo;organisme responsable de toutes les donn\u00e9es personnelles collect\u00e9es sur ce site (sauf indication contraire dans cette politique de confidentialit\u00e9) est le consortium du projet :<\/p>\n\n\n\n<ul class=\"wp-block-list\">\n<li><strong>Demandeur \u2013 LP<\/strong>: Malta Stock Exchange Institute Ltd.<\/li>\n\n\n\n<li><strong>Partenaire \u2013 P2<\/strong>: Coop\u00e9ration Bancaire pour l&rsquo;Europe<\/li>\n\n\n\n<li><strong><strong>Partenaire <\/strong>\u2013 P3<\/strong>: European Center for Social Finance (ECSF GmbH)<\/li>\n\n\n\n<li><strong><strong>Partenaire <\/strong>\u2013 P4<\/strong>: ServIn (Servizi e investimenti innovativi SRL)<\/li>\n\n\n\n<li><strong><strong>Partenaire <\/strong>\u2013 P5<\/strong>: LT Synergy Ltd.<\/li>\n\n\n\n<li><strong><strong>Partenaire <\/strong>\u2013 P6<\/strong>: Gesti\u00f3n Estrat\u00e9gica e Innovaci\u00f3n (GEINNOVA)<\/li>\n<\/ul>\n\n\n\n<p>(ci-apr\u00e8s d\u00e9nomm\u00e9s le \u00ab consortium \u00bb, \u00ab nous \u00bb ou \u00ab notre \u00bb). Sauf indication contraire dans cette politique de confidentialit\u00e9, nous sommes l\u2019autorit\u00e9 responsable de toutes les donn\u00e9es personnelles collect\u00e9es sur le site web. Vous trouverez des informations suppl\u00e9mentaires sur nous et nos coordonn\u00e9es sur la page: <a href=\"https:\/\/nextgensmes.eu\/fr\/contact\/\" data-type=\"link\" data-id=\"https:\/\/nextgensmes.eu\/contact-us\/\">Contact<\/a>, ou par email \u00e0 <a href=\"mailto:admin@nextgensmes.eu\" target=\"_blank\" rel=\"noreferrer noopener\">admin@nextgensmes.eu<\/a>.<\/p>\n\n\n\n<h2 class=\"wp-block-heading\">Informations que nous collectons et comment nous les utilisons<\/h2>\n\n\n\n<p>Nous pouvons collecter des informations personnelles d\u2019identification aupr\u00e8s des utilisateurs de diverses mani\u00e8res, y compris, mais sans s\u2019y limiter, lorsque les utilisateurs visitent notre site web, remplissent un formulaire, r\u00e9pondent \u00e0 un sondage, et dans le cadre d\u2019autres activit\u00e9s, services, fonctionnalit\u00e9s ou ressources que nous mettons \u00e0 la disposition des utilisateurs sur notre site web. Ces informations incluent g\u00e9n\u00e9ralement un nom ou une adresse e-mail.<\/p>\n\n\n\n<p>Nous ne g\u00e9n\u00e9rons pas de revenus gr\u00e2ce \u00e0 la publicit\u00e9. Nous ne collectons donc pas de donn\u00e9es dans le but de vous afficher des publicit\u00e9s. Nous utilisons vos informations personnelles uniquement pour fournir et am\u00e9liorer le site web. En utilisant ce site web, vous consentez \u00e0 la collecte et \u00e0 l\u2019utilisation des informations conform\u00e9ment \u00e0 cette politique.<\/p>\n\n\n\n<p>Nous adoptons des pratiques appropri\u00e9es de collecte, de stockage et de traitement des donn\u00e9es ainsi que des mesures de s\u00e9curit\u00e9 pour prot\u00e9ger contre l\u2019acc\u00e8s, la modification, la divulgation ou la destruction non autoris\u00e9s de vos informations personnelles, identifiant, mot de passe, informations de transaction et donn\u00e9es stock\u00e9es sur notre site web.<\/p>\n\n\n\n<p>Nous ne vendons, ne commer\u00e7ons ni ne louons les informations personnelles d\u2019identification des utilisateurs \u00e0 des tiers. Nous pouvons partager des informations d\u00e9mographiques g\u00e9n\u00e9riques agr\u00e9g\u00e9es non li\u00e9es \u00e0 des informations personnelles d\u2019identification concernant les visiteurs et utilisateurs avec nos partenaires commerciaux, affili\u00e9s de confiance et annonceurs, dans les buts mentionn\u00e9s ci-dessus.<\/p>\n\n\n\n<h2 class=\"wp-block-heading\">Donn\u00e9es de journal<\/h2>\n\n\n\n<p>Nous collectons des informations que votre navigateur envoie chaque fois que vous visitez notre site web. Ces donn\u00e9es de journal peuvent inclure des informations telles que l\u2019adresse IP de votre ordinateur, le type de navigateur, la version du navigateur, les pages de notre site que vous visitez, l\u2019heure et la date de votre visite, le temps pass\u00e9 sur ces pages, et d\u2019autres statistiques. Ces donn\u00e9es ne sont pas fusionn\u00e9es avec d\u2019autres donn\u00e9es personnelles que vous saisissez activement lors de l\u2019utilisation du site. Les adresses IP sont anonymis\u00e9es imm\u00e9diatement \u00e0 la premi\u00e8re \u00e9tape possible de la collecte sur le r\u00e9seau.<\/p>\n\n\n\n<h2 class=\"wp-block-heading\">Cookies<\/h2>\n\n\n\n<p>Notre site utilise des cookies. Les cookies ne contiennent aucune information permettant de vous identifier personnellement, mais les informations personnelles que nous stockons \u00e0 votre sujet peuvent \u00eatre li\u00e9es, par nos soins, aux informations stock\u00e9es dans et obtenues \u00e0 partir des cookies. Les cookies utilis\u00e9s sur le site incluent ceux qui sont strictement n\u00e9cessaires \u00e0 l&rsquo;acc\u00e8s et \u00e0 la navigation, les cookies qui m\u00e9morisent vos choix (cookies fonctionnels), et les cookies qui suivent l&rsquo;utilisation. Vous pouvez \u00ab Accepter \u00bb ou \u00ab Rejeter \u00bb les cookies qui suivent l&rsquo;utilisation.<\/p>\n\n\n\n<p>Les utilisateurs peuvent choisir de configurer leur navigateur web pour refuser les cookies ou pour \u00eatre alert\u00e9s lorsque des cookies sont envoy\u00e9s. Si vous le faites, notez que certaines parties du site peuvent ne pas fonctionner correctement.<\/p>\n\n\n\n<h2 class=\"wp-block-heading\">Google Analytics<\/h2>\n\n\n\n<p>Ce site utilise Google Analytics, un service d\u2019analyse web fourni par Google Inc. (ci-apr\u00e8s d\u00e9sign\u00e9 par \u00ab Google \u00bb). Google Analytics utilise des cookies qui sont stock\u00e9s sur votre ordinateur afin de faciliter l\u2019analyse de votre utilisation du site. Les informations g\u00e9n\u00e9r\u00e9es par ces cookies, telles que l\u2019heure, le lieu et la fr\u00e9quence de vos visites sur notre site, y compris votre adresse IP, sont transmises \u00e0 Google et stock\u00e9es l\u00e0-bas. En utilisant Google Analytics, notre site utilise l\u2019extension \u00ab anonymizeIp \u00bb. Ce faisant, Google raccourcit et anonymise votre adresse IP avant de la transf\u00e9rer. Google utilise ces informations pour analyser votre utilisation de notre site, compiler des rapports pour nous sur l\u2019activit\u00e9 Internet, et fournir d\u2019autres services relatifs \u00e0 notre site.<\/p>\n\n\n\n<p>Vous pouvez d\u00e9cider d\u2019\u00ab Accepter \u00bb ou de \u00ab Rejeter \u00bb l\u2019utilisation de Google Analytics sur votre ordinateur lorsque vous visitez le site pour la premi\u00e8re fois.<\/p>\n\n\n\n<h2 class=\"wp-block-heading\">Modifications de cette politique de confidentialit\u00e9<\/h2>\n\n\n\n<p>Cette politique de confidentialit\u00e9 est effective \u00e0 partir du 19\/11\/2024, et restera en vigueur sauf en ce qui concerne tout changement dans ses dispositions, qui sera effectif imm\u00e9diatement apr\u00e8s avoir \u00e9t\u00e9 publi\u00e9 sur cette page.<\/p>\n\n\n\n<p>Nous nous r\u00e9servons le droit de mettre \u00e0 jour ou de modifier notre politique de confidentialit\u00e9 \u00e0 tout moment, et vous devriez v\u00e9rifier p\u00e9riodiquement cette politique de confidentialit\u00e9. Lorsque nous effectuons des modifications, nous publierons une notification sur la page principale de notre site. Nous encourageons les utilisateurs \u00e0 v\u00e9rifier fr\u00e9quemment cette page pour toute modification afin de rester inform\u00e9s de la mani\u00e8re dont nous prot\u00e9geons les informations personnelles que nous collectons. Vous reconnaissez et acceptez qu&rsquo;il est de votre responsabilit\u00e9 de revoir p\u00e9riodiquement cette politique de confidentialit\u00e9 et de prendre connaissance des modifications.<\/p>\n\n\n\n<h2 class=\"wp-block-heading\">Nous contacter<\/h2>\n\n\n\n<p>Si vous avez des questions concernant cette politique de confidentialit\u00e9, les pratiques de ce site ou vos interactions avec ce site, veuillez nous contacter par e-mail \u00e0: <a href=\"mailto:admin@nextgensmes.eu\" target=\"_blank\" rel=\"noreferrer noopener\">admin@nextgensmes.eu<\/a>.<\/p>\n","protected":false},"excerpt":{"rendered":"<p>Champ d\u2019application Cette explication de notre politique de confidentialit\u00e9 couvre la nature, l\u2019\u00e9tendue et l\u2019objectif de la collecte et de l\u2019utilisation des donn\u00e9es personnelles sur le site web : www.nextgensmes.eu (ci-apr\u00e8s d\u00e9nomm\u00e9 \u00ab site web \u00bb). Ce site est d\u00e9di\u00e9 au projet \u00ab NextGenSMEs \u00bb, dont l\u2019objectif est de fournir aux propri\u00e9taires actuels et futurs de petites et moyennes entreprises (PME) familiales les connaissances et outils n\u00e9cessaires pour garantir la transmission \u00e0 la troisi\u00e8me g\u00e9n\u00e9ration et au-del\u00e0, tout en assurant la durabilit\u00e9 et la prosp\u00e9rit\u00e9 de l\u2019entreprise. Le num\u00e9ro du projet est : [en attente], financ\u00e9 avec le soutien de<\/p>\n","protected":false},"author":1,"featured_media":0,"parent":0,"menu_order":0,"comment_status":"closed","ping_status":"closed","template":"","meta":{"footnotes":""},"class_list":["post-2607","page","type-page","status-publish","hentry"],"_links":{"self":[{"href":"https:\/\/nextgensmes.eu\/fr\/wp-json\/wp\/v2\/pages\/2607","targetHints":{"allow":["GET"]}}],"collection":[{"href":"https:\/\/nextgensmes.eu\/fr\/wp-json\/wp\/v2\/pages"}],"about":[{"href":"https:\/\/nextgensmes.eu\/fr\/wp-json\/wp\/v2\/types\/page"}],"author":[{"embeddable":true,"href":"https:\/\/nextgensmes.eu\/fr\/wp-json\/wp\/v2\/users\/1"}],"replies":[{"embeddable":true,"href":"https:\/\/nextgensmes.eu\/fr\/wp-json\/wp\/v2\/comments?post=2607"}],"version-history":[{"count":0,"href":"https:\/\/nextgensmes.eu\/fr\/wp-json\/wp\/v2\/pages\/2607\/revisions"}],"wp:attachment":[{"href":"https:\/\/nextgensmes.eu\/fr\/wp-json\/wp\/v2\/media?parent=2607"}],"curies":[{"name":"wp","href":"https:\/\/api.w.org\/{rel}","templated":true}]}}