{"id":2579,"date":"2024-11-21T13:20:05","date_gmt":"2024-11-21T13:20:05","guid":{"rendered":"https:\/\/nextgensmes.eu\/?page_id=2579"},"modified":"2025-01-21T15:27:36","modified_gmt":"2025-01-21T15:27:36","slug":"404-fr","status":"publish","type":"page","link":"https:\/\/nextgensmes.eu\/fr\/404-fr\/","title":{"rendered":"404 &#8211; FR"},"content":{"rendered":"<style>.elementor-2579 .elementor-element.elementor-element-5655045e > .elementor-container{max-width:600px;}.elementor-2579 .elementor-element.elementor-element-5655045e:not(.elementor-motion-effects-element-type-background), .elementor-2579 .elementor-element.elementor-element-5655045e > .elementor-motion-effects-container > .elementor-motion-effects-layer{background-image:url(\"https:\/\/nextgensmes.eu\/wp-content\/uploads\/2024\/11\/bg_overlay_family_business.png\");background-position:bottom center;background-repeat:no-repeat;background-size:auto;}.elementor-2579 .elementor-element.elementor-element-5655045e > .elementor-background-overlay{background-color:transparent;background-image:linear-gradient(180deg, #FFFFFFB3 0%, #FFFFFF 100%);opacity:1;transition:background 0.3s, border-radius 0.3s, opacity 0.3s;}.elementor-2579 .elementor-element.elementor-element-5655045e{transition:background 0.3s, border 0.3s, border-radius 0.3s, box-shadow 0.3s;margin-top:-71px;margin-bottom:0px;padding:0px 0px 0px 0px;}.elementor-2579 .elementor-element.elementor-element-198906c:not(.elementor-motion-effects-element-type-background) > .elementor-widget-wrap, .elementor-2579 .elementor-element.elementor-element-198906c > .elementor-widget-wrap > .elementor-motion-effects-container > .elementor-motion-effects-layer{background-color:transparent;background-image:linear-gradient(5deg, #FFFFFF00 0%, #FFFFFF42 50%);}.elementor-2579 .elementor-element.elementor-element-198906c > .elementor-element-populated >  .elementor-background-overlay{background-color:#FFFFFF;opacity:0.75;}.elementor-2579 .elementor-element.elementor-element-198906c > .elementor-element-populated{border-style:none;box-shadow:100px 100px 100px 100px rgba(255, 255, 255, 0.45);transition:background 0.3s, border 0.3s, border-radius 0.3s, box-shadow 0.3s;padding:59px 60px 50px 60px;}.elementor-2579 .elementor-element.elementor-element-198906c > .elementor-element-populated, .elementor-2579 .elementor-element.elementor-element-198906c > .elementor-element-populated > .elementor-background-overlay, .elementor-2579 .elementor-element.elementor-element-198906c > .elementor-background-slideshow{border-radius:50px 50px 50px 50px;}.elementor-2579 .elementor-element.elementor-element-198906c:hover > .elementor-element-populated{border-style:none;}.elementor-2579 .elementor-element.elementor-element-198906c > .elementor-element-populated > .elementor-background-overlay{transition:background 0.3s, border-radius 0.3s, opacity 0.3s;}.elementor-widget-heading .elementor-heading-title{font-family:var( --e-global-typography-primary-font-family ), Sans-serif;font-weight:var( --e-global-typography-primary-font-weight );color:var( --e-global-color-primary );}.elementor-2579 .elementor-element.elementor-element-7bc1281a{text-align:center;}.elementor-2579 .elementor-element.elementor-element-7bc1281a .elementor-heading-title{font-family:var( --e-global-typography-53c6d1f-font-family ), Sans-serif;font-size:var( --e-global-typography-53c6d1f-font-size );font-weight:var( --e-global-typography-53c6d1f-font-weight );text-transform:var( --e-global-typography-53c6d1f-text-transform );line-height:var( --e-global-typography-53c6d1f-line-height );letter-spacing:var( --e-global-typography-53c6d1f-letter-spacing );word-spacing:var( --e-global-typography-53c6d1f-word-spacing );-webkit-text-stroke-color:#000;stroke:#000;color:#2D529B;}.elementor-2579 .elementor-element.elementor-element-bc6f00d{text-align:center;}.elementor-2579 .elementor-element.elementor-element-bc6f00d .elementor-heading-title{font-family:var( --e-global-typography-f410147-font-family ), Sans-serif;font-size:var( --e-global-typography-f410147-font-size );font-weight:var( --e-global-typography-f410147-font-weight );line-height:var( --e-global-typography-f410147-line-height );letter-spacing:var( --e-global-typography-f410147-letter-spacing );word-spacing:var( --e-global-typography-f410147-word-spacing );-webkit-text-stroke-color:#000;stroke:#000;color:#2D529B;}.elementor-widget-text-editor{font-family:var( --e-global-typography-text-font-family ), Sans-serif;font-size:var( --e-global-typography-text-font-size );font-weight:var( --e-global-typography-text-font-weight );color:var( --e-global-color-text );}.elementor-widget-text-editor.elementor-drop-cap-view-stacked .elementor-drop-cap{background-color:var( --e-global-color-primary );}.elementor-widget-text-editor.elementor-drop-cap-view-framed .elementor-drop-cap, .elementor-widget-text-editor.elementor-drop-cap-view-default .elementor-drop-cap{color:var( --e-global-color-primary );border-color:var( --e-global-color-primary );}.elementor-2579 .elementor-element.elementor-element-3608d00d{text-align:center;font-family:var( --e-global-typography-text-font-family ), Sans-serif;font-size:var( --e-global-typography-text-font-size );font-weight:var( --e-global-typography-text-font-weight );color:var( --e-global-color-text );}.elementor-widget-button .elementor-button{font-family:var( --e-global-typography-accent-font-family ), Sans-serif;font-size:var( --e-global-typography-accent-font-size );font-weight:var( --e-global-typography-accent-font-weight );background-color:var( --e-global-color-accent );}.elementor-2579 .elementor-element.elementor-element-5a844063 .elementor-button{font-family:var( --e-global-typography-8915fa7-font-family ), Sans-serif;font-size:var( --e-global-typography-8915fa7-font-size );font-weight:var( --e-global-typography-8915fa7-font-weight );text-transform:var( --e-global-typography-8915fa7-text-transform );line-height:var( --e-global-typography-8915fa7-line-height );letter-spacing:var( --e-global-typography-8915fa7-letter-spacing );word-spacing:var( --e-global-typography-8915fa7-word-spacing );fill:#FFFFFF;color:#FFFFFF;background-color:var( --e-global-color-68fe0de );border-radius:10px 10px 10px 10px;padding:18px 40px 18px 40px;}.elementor-2579 .elementor-element.elementor-element-5a844063{margin:0px 0px calc(var(--kit-widget-spacing, 0px) + 0px) 0px;}@media(max-width:1024px){.elementor-2579 .elementor-element.elementor-element-7bc1281a .elementor-heading-title{font-size:var( --e-global-typography-53c6d1f-font-size );line-height:var( --e-global-typography-53c6d1f-line-height );letter-spacing:var( --e-global-typography-53c6d1f-letter-spacing );word-spacing:var( --e-global-typography-53c6d1f-word-spacing );}.elementor-2579 .elementor-element.elementor-element-bc6f00d .elementor-heading-title{font-size:var( --e-global-typography-f410147-font-size );line-height:var( --e-global-typography-f410147-line-height );letter-spacing:var( --e-global-typography-f410147-letter-spacing );word-spacing:var( --e-global-typography-f410147-word-spacing );}.elementor-widget-text-editor{font-size:var( --e-global-typography-text-font-size );}.elementor-2579 .elementor-element.elementor-element-3608d00d{font-size:var( --e-global-typography-text-font-size );}.elementor-widget-button .elementor-button{font-size:var( --e-global-typography-accent-font-size );}.elementor-2579 .elementor-element.elementor-element-5a844063 .elementor-button{font-size:var( --e-global-typography-8915fa7-font-size );line-height:var( --e-global-typography-8915fa7-line-height );letter-spacing:var( --e-global-typography-8915fa7-letter-spacing );word-spacing:var( --e-global-typography-8915fa7-word-spacing );}.elementor-2579 .elementor-element.elementor-element-5a844063{margin:0px 0px calc(var(--kit-widget-spacing, 0px) + 0px) 0px;padding:0px 0px 0px 0px;}}@media(max-width:767px){.elementor-2579 .elementor-element.elementor-element-5655045e{padding:150px 10px 150px 10px;}.elementor-2579 .elementor-element.elementor-element-198906c > .elementor-element-populated{padding:40px 20px 40px 20px;}.elementor-2579 .elementor-element.elementor-element-7bc1281a .elementor-heading-title{font-size:var( --e-global-typography-53c6d1f-font-size );line-height:var( --e-global-typography-53c6d1f-line-height );letter-spacing:var( --e-global-typography-53c6d1f-letter-spacing );word-spacing:var( --e-global-typography-53c6d1f-word-spacing );}.elementor-2579 .elementor-element.elementor-element-bc6f00d .elementor-heading-title{font-size:var( --e-global-typography-f410147-font-size );line-height:var( --e-global-typography-f410147-line-height );letter-spacing:var( --e-global-typography-f410147-letter-spacing );word-spacing:var( --e-global-typography-f410147-word-spacing );}.elementor-widget-text-editor{font-size:var( --e-global-typography-text-font-size );}.elementor-2579 .elementor-element.elementor-element-3608d00d{font-size:var( --e-global-typography-text-font-size );}.elementor-widget-button .elementor-button{font-size:var( --e-global-typography-accent-font-size );}.elementor-2579 .elementor-element.elementor-element-5a844063 .elementor-button{font-size:var( --e-global-typography-8915fa7-font-size );line-height:var( --e-global-typography-8915fa7-line-height );letter-spacing:var( --e-global-typography-8915fa7-letter-spacing );word-spacing:var( --e-global-typography-8915fa7-word-spacing );padding:15px 30px 15px 30px;}}<\/style>\t\t<div data-elementor-type=\"wp-page\" data-elementor-id=\"2579\" class=\"elementor elementor-2579 elementor-80\">\n\t\t\t\t\t\t<section class=\"elementor-section elementor-top-section elementor-element elementor-element-5655045e elementor-section-height-full elementor-section-boxed elementor-section-height-default elementor-section-items-middle\" data-id=\"5655045e\" data-element_type=\"section\" data-e-type=\"section\" data-settings=\"{&quot;background_background&quot;:&quot;classic&quot;}\">\n\t\t\t\t\t\t\t<div class=\"elementor-background-overlay\"><\/div>\n\t\t\t\t\t\t\t<div class=\"elementor-container elementor-column-gap-no\">\n\t\t\t\t\t<div class=\"elementor-column elementor-col-100 elementor-top-column elementor-element elementor-element-198906c\" data-id=\"198906c\" data-element_type=\"column\" data-e-type=\"column\" data-settings=\"{&quot;background_background&quot;:&quot;gradient&quot;}\">\n\t\t\t<div class=\"elementor-widget-wrap elementor-element-populated\">\n\t\t\t\t\t<div class=\"elementor-background-overlay\"><\/div>\n\t\t\t\t\t\t<div class=\"elementor-element elementor-element-7bc1281a elementor-widget elementor-widget-heading\" data-id=\"7bc1281a\" data-element_type=\"widget\" data-e-type=\"widget\" data-widget_type=\"heading.default\">\n\t\t\t\t\t<h2 class=\"elementor-heading-title elementor-size-default\">404<\/h2>\t\t\t\t<\/div>\n\t\t\t\t<div class=\"elementor-element elementor-element-bc6f00d elementor-widget elementor-widget-heading\" data-id=\"bc6f00d\" data-element_type=\"widget\" data-e-type=\"widget\" data-widget_type=\"heading.default\">\n\t\t\t\t\t<h2 class=\"elementor-heading-title elementor-size-default\">IL N'Y A RIEN A VOIR ICI<\/h2>\t\t\t\t<\/div>\n\t\t\t\t<div class=\"elementor-element elementor-element-3608d00d elementor-widget elementor-widget-text-editor\" data-id=\"3608d00d\" data-element_type=\"widget\" data-e-type=\"widget\" data-widget_type=\"text-editor.default\">\n\t\t\t\t\t\t\t\t\t<p><em>Une entreprise familiale, comme un arbre, se renforce avec des racines profondes, nourries par des valeurs partag\u00e9es et un objectif commun.<\/em><\/p><p>\u2014\u00a0<strong>Jean-Baptiste Say, <\/strong>\u00e9conomiste fran\u00e7ais connu pour ses travaux sur l&rsquo;entrepreneuriat.<\/p>\t\t\t\t\t\t\t\t<\/div>\n\t\t\t\t<div class=\"elementor-element elementor-element-5a844063 elementor-align-center elementor-widget elementor-widget-button\" data-id=\"5a844063\" data-element_type=\"widget\" data-e-type=\"widget\" data-widget_type=\"button.default\">\n\t\t\t\t\t\t\t\t\t\t<a class=\"elementor-button elementor-button-link elementor-size-lg elementor-animation-grow\" href=\"https:\/\/nextgensmes.eu\/fr\/\">\n\t\t\t\t\t\t<span class=\"elementor-button-content-wrapper\">\n\t\t\t\t\t\t\t\t\t<span class=\"elementor-button-text\">Retour \u00e0 l'accueil<\/span>\n\t\t\t\t\t<\/span>\n\t\t\t\t\t<\/a>\n\t\t\t\t\t\t\t\t<\/div>\n\t\t\t\t\t<\/div>\n\t\t<\/div>\n\t\t\t\t\t<\/div>\n\t\t<\/section>\n\t\t\t\t<\/div>\n\t\t","protected":false},"excerpt":{"rendered":"<p>404 IL N&rsquo;Y A RIEN A VOIR ICI Une entreprise familiale, comme un arbre, se renforce avec des racines profondes, nourries par des valeurs partag\u00e9es et un objectif commun. \u2014\u00a0Jean-Baptiste Say, \u00e9conomiste fran\u00e7ais connu pour ses travaux sur l&rsquo;entrepreneuriat. Retour \u00e0 l&rsquo;accueil<\/p>\n","protected":false},"author":1,"featured_media":0,"parent":0,"menu_order":0,"comment_status":"closed","ping_status":"closed","template":"elementor_header_footer","meta":{"footnotes":""},"class_list":["post-2579","page","type-page","status-publish","hentry"],"_links":{"self":[{"href":"https:\/\/nextgensmes.eu\/fr\/wp-json\/wp\/v2\/pages\/2579","targetHints":{"allow":["GET"]}}],"collection":[{"href":"https:\/\/nextgensmes.eu\/fr\/wp-json\/wp\/v2\/pages"}],"about":[{"href":"https:\/\/nextgensmes.eu\/fr\/wp-json\/wp\/v2\/types\/page"}],"author":[{"embeddable":true,"href":"https:\/\/nextgensmes.eu\/fr\/wp-json\/wp\/v2\/users\/1"}],"replies":[{"embeddable":true,"href":"https:\/\/nextgensmes.eu\/fr\/wp-json\/wp\/v2\/comments?post=2579"}],"version-history":[{"count":0,"href":"https:\/\/nextgensmes.eu\/fr\/wp-json\/wp\/v2\/pages\/2579\/revisions"}],"wp:attachment":[{"href":"https:\/\/nextgensmes.eu\/fr\/wp-json\/wp\/v2\/media?parent=2579"}],"curies":[{"name":"wp","href":"https:\/\/api.w.org\/{rel}","templated":true}]}}